{"id":355,"date":"2021-09-16T12:00:11","date_gmt":"2021-09-16T10:00:11","guid":{"rendered":"https:\/\/dsp.eu\/dienstleistungen\/diagnose\/"},"modified":"2022-06-20T14:14:45","modified_gmt":"2022-06-20T12:14:45","slug":"diagnose","status":"publish","type":"page","link":"https:\/\/dsp.eu\/de\/dienstleistungen\/diagnose\/","title":{"rendered":"Diagnose"},"content":{"rendered":"","protected":false},"excerpt":{"rendered":"","protected":false},"author":9,"featured_media":0,"parent":349,"menu_order":3,"comment_status":"closed","ping_status":"closed","template":"","meta":{"footnotes":""},"class_list":["post-355","page","type-page","status-publish","hentry"],"yoast_head":"<!-- This site is optimized with the Yoast SEO plugin v27.4 - https:\/\/yoast.com\/product\/yoast-seo-wordpress\/ -->\n<title>Totalrevision hydraulischer Anlagen | DSP<\/title>\n<meta name=\"description\" content=\"Ben\u00f6tigen Sie eine Wartung oder \u00dcberholung Ihres Hydraulikmotors, Ihrer Pumpe oder Ihrer Komponenten? Unsere Techniker bieten komplette \u00dcberholung und Wartung f\u00fcr f\u00fchrende Marken.\" \/>\n<meta name=\"robots\" content=\"index, follow, max-snippet:-1, max-image-preview:large, max-video-preview:-1\" \/>\n<link rel=\"canonical\" href=\"https:\/\/dsp.eu\/de\/dienstleistungen\/diagnose\/\" \/>\n<meta property=\"og:locale\" content=\"de_DE\" \/>\n<meta property=\"og:type\" content=\"article\" \/>\n<meta property=\"og:title\" content=\"Totalrevision hydraulischer Anlagen | DSP\" \/>\n<meta property=\"og:description\" content=\"Ben\u00f6tigen Sie eine Wartung oder \u00dcberholung Ihres Hydraulikmotors, Ihrer Pumpe oder Ihrer Komponenten? Unsere Techniker bieten komplette \u00dcberholung und Wartung f\u00fcr f\u00fchrende Marken.\" \/>\n<meta property=\"og:url\" content=\"https:\/\/dsp.eu\/de\/dienstleistungen\/diagnose\/\" \/>\n<meta property=\"og:site_name\" content=\"DSP\" \/>\n<meta property=\"article:modified_time\" content=\"2022-06-20T12:14:45+00:00\" \/>\n<meta name=\"twitter:card\" content=\"summary_large_image\" \/>\n<script type=\"application\/ld+json\" class=\"yoast-schema-graph\">{\"@context\":\"https:\\\/\\\/schema.org\",\"@graph\":[{\"@type\":\"WebPage\",\"@id\":\"https:\\\/\\\/dsp.eu\\\/de\\\/dienstleistungen\\\/diagnose\\\/\",\"url\":\"https:\\\/\\\/dsp.eu\\\/de\\\/dienstleistungen\\\/diagnose\\\/\",\"name\":\"Totalrevision hydraulischer Anlagen | DSP\",\"isPartOf\":{\"@id\":\"https:\\\/\\\/dsp.eu\\\/de\\\/#website\"},\"datePublished\":\"2021-09-16T10:00:11+00:00\",\"dateModified\":\"2022-06-20T12:14:45+00:00\",\"description\":\"Ben\u00f6tigen Sie eine Wartung oder \u00dcberholung Ihres Hydraulikmotors, Ihrer Pumpe oder Ihrer Komponenten? Unsere Techniker bieten komplette \u00dcberholung und Wartung f\u00fcr f\u00fchrende Marken.\",\"breadcrumb\":{\"@id\":\"https:\\\/\\\/dsp.eu\\\/de\\\/dienstleistungen\\\/diagnose\\\/#breadcrumb\"},\"inLanguage\":\"de\",\"potentialAction\":[{\"@type\":\"ReadAction\",\"target\":[\"https:\\\/\\\/dsp.eu\\\/de\\\/dienstleistungen\\\/diagnose\\\/\"]}]},{\"@type\":\"BreadcrumbList\",\"@id\":\"https:\\\/\\\/dsp.eu\\\/de\\\/dienstleistungen\\\/diagnose\\\/#breadcrumb\",\"itemListElement\":[{\"@type\":\"ListItem\",\"position\":1,\"name\":\"Home\",\"item\":\"https:\\\/\\\/dsp.eu\\\/de\\\/\"},{\"@type\":\"ListItem\",\"position\":2,\"name\":\"Dienstleistungen\",\"item\":\"https:\\\/\\\/dsp.eu\\\/de\\\/dienstleistungen\\\/\"},{\"@type\":\"ListItem\",\"position\":3,\"name\":\"Diagnose\"}]},{\"@type\":\"WebSite\",\"@id\":\"https:\\\/\\\/dsp.eu\\\/de\\\/#website\",\"url\":\"https:\\\/\\\/dsp.eu\\\/de\\\/\",\"name\":\"DSP\",\"description\":\"Keeping you on Track\",\"publisher\":{\"@id\":\"https:\\\/\\\/dsp.eu\\\/de\\\/#organization\"},\"potentialAction\":[{\"@type\":\"SearchAction\",\"target\":{\"@type\":\"EntryPoint\",\"urlTemplate\":\"https:\\\/\\\/dsp.eu\\\/de\\\/?s={search_term_string}\"},\"query-input\":{\"@type\":\"PropertyValueSpecification\",\"valueRequired\":true,\"valueName\":\"search_term_string\"}}],\"inLanguage\":\"de\"},{\"@type\":\"Organization\",\"@id\":\"https:\\\/\\\/dsp.eu\\\/de\\\/#organization\",\"name\":\"DSP\",\"url\":\"https:\\\/\\\/dsp.eu\\\/de\\\/\",\"logo\":{\"@type\":\"ImageObject\",\"inLanguage\":\"de\",\"@id\":\"https:\\\/\\\/dsp.eu\\\/de\\\/#\\\/schema\\\/logo\\\/image\\\/\",\"url\":\"http:\\\/\\\/dsp.eu\\\/wp-content\\\/uploads\\\/2020\\\/09\\\/DSP_Diesel-2020.jpg\",\"contentUrl\":\"http:\\\/\\\/dsp.eu\\\/wp-content\\\/uploads\\\/2020\\\/09\\\/DSP_Diesel-2020.jpg\",\"width\":1133,\"height\":479,\"caption\":\"DSP\"},\"image\":{\"@id\":\"https:\\\/\\\/dsp.eu\\\/de\\\/#\\\/schema\\\/logo\\\/image\\\/\"}}]}<\/script>\n<!-- \/ Yoast SEO plugin. -->","yoast_head_json":{"title":"Totalrevision hydraulischer Anlagen | DSP","description":"Ben\u00f6tigen Sie eine Wartung oder \u00dcberholung Ihres Hydraulikmotors, Ihrer Pumpe oder Ihrer Komponenten? Unsere Techniker bieten komplette \u00dcberholung und Wartung f\u00fcr f\u00fchrende Marken.","robots":{"index":"index","follow":"follow","max-snippet":"max-snippet:-1","max-image-preview":"max-image-preview:large","max-video-preview":"max-video-preview:-1"},"canonical":"https:\/\/dsp.eu\/de\/dienstleistungen\/diagnose\/","og_locale":"de_DE","og_type":"article","og_title":"Totalrevision hydraulischer Anlagen | DSP","og_description":"Ben\u00f6tigen Sie eine Wartung oder \u00dcberholung Ihres Hydraulikmotors, Ihrer Pumpe oder Ihrer Komponenten? Unsere Techniker bieten komplette \u00dcberholung und Wartung f\u00fcr f\u00fchrende Marken.","og_url":"https:\/\/dsp.eu\/de\/dienstleistungen\/diagnose\/","og_site_name":"DSP","article_modified_time":"2022-06-20T12:14:45+00:00","twitter_card":"summary_large_image","schema":{"@context":"https:\/\/schema.org","@graph":[{"@type":"WebPage","@id":"https:\/\/dsp.eu\/de\/dienstleistungen\/diagnose\/","url":"https:\/\/dsp.eu\/de\/dienstleistungen\/diagnose\/","name":"Totalrevision hydraulischer Anlagen | DSP","isPartOf":{"@id":"https:\/\/dsp.eu\/de\/#website"},"datePublished":"2021-09-16T10:00:11+00:00","dateModified":"2022-06-20T12:14:45+00:00","description":"Ben\u00f6tigen Sie eine Wartung oder \u00dcberholung Ihres Hydraulikmotors, Ihrer Pumpe oder Ihrer Komponenten? Unsere Techniker bieten komplette \u00dcberholung und Wartung f\u00fcr f\u00fchrende Marken.","breadcrumb":{"@id":"https:\/\/dsp.eu\/de\/dienstleistungen\/diagnose\/#breadcrumb"},"inLanguage":"de","potentialAction":[{"@type":"ReadAction","target":["https:\/\/dsp.eu\/de\/dienstleistungen\/diagnose\/"]}]},{"@type":"BreadcrumbList","@id":"https:\/\/dsp.eu\/de\/dienstleistungen\/diagnose\/#breadcrumb","itemListElement":[{"@type":"ListItem","position":1,"name":"Home","item":"https:\/\/dsp.eu\/de\/"},{"@type":"ListItem","position":2,"name":"Dienstleistungen","item":"https:\/\/dsp.eu\/de\/dienstleistungen\/"},{"@type":"ListItem","position":3,"name":"Diagnose"}]},{"@type":"WebSite","@id":"https:\/\/dsp.eu\/de\/#website","url":"https:\/\/dsp.eu\/de\/","name":"DSP","description":"Keeping you on Track","publisher":{"@id":"https:\/\/dsp.eu\/de\/#organization"},"potentialAction":[{"@type":"SearchAction","target":{"@type":"EntryPoint","urlTemplate":"https:\/\/dsp.eu\/de\/?s={search_term_string}"},"query-input":{"@type":"PropertyValueSpecification","valueRequired":true,"valueName":"search_term_string"}}],"inLanguage":"de"},{"@type":"Organization","@id":"https:\/\/dsp.eu\/de\/#organization","name":"DSP","url":"https:\/\/dsp.eu\/de\/","logo":{"@type":"ImageObject","inLanguage":"de","@id":"https:\/\/dsp.eu\/de\/#\/schema\/logo\/image\/","url":"http:\/\/dsp.eu\/wp-content\/uploads\/2020\/09\/DSP_Diesel-2020.jpg","contentUrl":"http:\/\/dsp.eu\/wp-content\/uploads\/2020\/09\/DSP_Diesel-2020.jpg","width":1133,"height":479,"caption":"DSP"},"image":{"@id":"https:\/\/dsp.eu\/de\/#\/schema\/logo\/image\/"}}]}},"_links":{"self":[{"href":"https:\/\/dsp.eu\/de\/wp-json\/wp\/v2\/pages\/355","targetHints":{"allow":["GET"]}}],"collection":[{"href":"https:\/\/dsp.eu\/de\/wp-json\/wp\/v2\/pages"}],"about":[{"href":"https:\/\/dsp.eu\/de\/wp-json\/wp\/v2\/types\/page"}],"author":[{"embeddable":true,"href":"https:\/\/dsp.eu\/de\/wp-json\/wp\/v2\/users\/9"}],"replies":[{"embeddable":true,"href":"https:\/\/dsp.eu\/de\/wp-json\/wp\/v2\/comments?post=355"}],"version-history":[{"count":1,"href":"https:\/\/dsp.eu\/de\/wp-json\/wp\/v2\/pages\/355\/revisions"}],"predecessor-version":[{"id":356,"href":"https:\/\/dsp.eu\/de\/wp-json\/wp\/v2\/pages\/355\/revisions\/356"}],"up":[{"embeddable":true,"href":"https:\/\/dsp.eu\/de\/wp-json\/wp\/v2\/pages\/349"}],"wp:attachment":[{"href":"https:\/\/dsp.eu\/de\/wp-json\/wp\/v2\/media?parent=355"}],"curies":[{"name":"wp","href":"https:\/\/api.w.org\/{rel}","templated":true}]}}