{"id":551,"date":"2022-03-21T11:34:55","date_gmt":"2022-03-21T10:34:55","guid":{"rendered":"https:\/\/dsp.eu\/?page_id=551"},"modified":"2022-06-20T13:46:08","modified_gmt":"2022-06-20T11:46:08","slug":"anlasser-und-lichtmaschinen","status":"publish","type":"page","link":"https:\/\/dsp.eu\/de\/componenten\/anlasser-und-lichtmaschinen\/","title":{"rendered":"Anlasser und Lichtmaschinen"},"content":{"rendered":"","protected":false},"excerpt":{"rendered":"","protected":false},"author":7,"featured_media":0,"parent":38,"menu_order":3,"comment_status":"closed","ping_status":"closed","template":"","meta":{"footnotes":""},"class_list":["post-551","page","type-page","status-publish","hentry"],"yoast_head":"<!-- This site is optimized with the Yoast SEO plugin v27.4 - https:\/\/yoast.com\/product\/yoast-seo-wordpress\/ -->\n<title>Wartung von Anlassern und Lichtmaschinen | DSP<\/title>\n<meta name=\"description\" content=\"Ben\u00f6tigt Ihr Anlasser oder Ihre Lichtmaschine eine Wartung? Wir \u00fcberholen, testen und modifizieren verschiedene Anlasser und Lichtmaschinen f\u00fcr eine optimale Leistung.\" \/>\n<meta name=\"robots\" content=\"index, follow, max-snippet:-1, max-image-preview:large, max-video-preview:-1\" \/>\n<link rel=\"canonical\" href=\"https:\/\/dsp.eu\/de\/componenten\/anlasser-und-lichtmaschinen\/\" \/>\n<meta property=\"og:locale\" content=\"de_DE\" \/>\n<meta property=\"og:type\" content=\"article\" \/>\n<meta property=\"og:title\" content=\"Wartung von Anlassern und Lichtmaschinen | DSP\" \/>\n<meta property=\"og:description\" content=\"Ben\u00f6tigt Ihr Anlasser oder Ihre Lichtmaschine eine Wartung? Wir \u00fcberholen, testen und modifizieren verschiedene Anlasser und Lichtmaschinen f\u00fcr eine optimale Leistung.\" \/>\n<meta property=\"og:url\" content=\"https:\/\/dsp.eu\/de\/componenten\/anlasser-und-lichtmaschinen\/\" \/>\n<meta property=\"og:site_name\" content=\"DSP\" \/>\n<meta property=\"article:modified_time\" content=\"2022-06-20T11:46:08+00:00\" \/>\n<meta name=\"twitter:card\" content=\"summary_large_image\" \/>\n<script type=\"application\/ld+json\" class=\"yoast-schema-graph\">{\"@context\":\"https:\\\/\\\/schema.org\",\"@graph\":[{\"@type\":\"WebPage\",\"@id\":\"https:\\\/\\\/dsp.eu\\\/de\\\/componenten\\\/anlasser-und-lichtmaschinen\\\/\",\"url\":\"https:\\\/\\\/dsp.eu\\\/de\\\/componenten\\\/anlasser-und-lichtmaschinen\\\/\",\"name\":\"Wartung von Anlassern und Lichtmaschinen | DSP\",\"isPartOf\":{\"@id\":\"https:\\\/\\\/dsp.eu\\\/de\\\/#website\"},\"datePublished\":\"2022-03-21T10:34:55+00:00\",\"dateModified\":\"2022-06-20T11:46:08+00:00\",\"description\":\"Ben\u00f6tigt Ihr Anlasser oder Ihre Lichtmaschine eine Wartung? Wir \u00fcberholen, testen und modifizieren verschiedene Anlasser und Lichtmaschinen f\u00fcr eine optimale Leistung.\",\"breadcrumb\":{\"@id\":\"https:\\\/\\\/dsp.eu\\\/de\\\/componenten\\\/anlasser-und-lichtmaschinen\\\/#breadcrumb\"},\"inLanguage\":\"de\",\"potentialAction\":[{\"@type\":\"ReadAction\",\"target\":[\"https:\\\/\\\/dsp.eu\\\/de\\\/componenten\\\/anlasser-und-lichtmaschinen\\\/\"]}]},{\"@type\":\"BreadcrumbList\",\"@id\":\"https:\\\/\\\/dsp.eu\\\/de\\\/componenten\\\/anlasser-und-lichtmaschinen\\\/#breadcrumb\",\"itemListElement\":[{\"@type\":\"ListItem\",\"position\":1,\"name\":\"Home\",\"item\":\"https:\\\/\\\/dsp.eu\\\/de\\\/\"},{\"@type\":\"ListItem\",\"position\":2,\"name\":\"Componenten\",\"item\":\"https:\\\/\\\/dsp.eu\\\/de\\\/componenten\\\/\"},{\"@type\":\"ListItem\",\"position\":3,\"name\":\"Anlasser und Lichtmaschinen\"}]},{\"@type\":\"WebSite\",\"@id\":\"https:\\\/\\\/dsp.eu\\\/de\\\/#website\",\"url\":\"https:\\\/\\\/dsp.eu\\\/de\\\/\",\"name\":\"DSP\",\"description\":\"Keeping you on Track\",\"publisher\":{\"@id\":\"https:\\\/\\\/dsp.eu\\\/de\\\/#organization\"},\"potentialAction\":[{\"@type\":\"SearchAction\",\"target\":{\"@type\":\"EntryPoint\",\"urlTemplate\":\"https:\\\/\\\/dsp.eu\\\/de\\\/?s={search_term_string}\"},\"query-input\":{\"@type\":\"PropertyValueSpecification\",\"valueRequired\":true,\"valueName\":\"search_term_string\"}}],\"inLanguage\":\"de\"},{\"@type\":\"Organization\",\"@id\":\"https:\\\/\\\/dsp.eu\\\/de\\\/#organization\",\"name\":\"DSP\",\"url\":\"https:\\\/\\\/dsp.eu\\\/de\\\/\",\"logo\":{\"@type\":\"ImageObject\",\"inLanguage\":\"de\",\"@id\":\"https:\\\/\\\/dsp.eu\\\/de\\\/#\\\/schema\\\/logo\\\/image\\\/\",\"url\":\"http:\\\/\\\/dsp.eu\\\/wp-content\\\/uploads\\\/2020\\\/09\\\/DSP_Diesel-2020.jpg\",\"contentUrl\":\"http:\\\/\\\/dsp.eu\\\/wp-content\\\/uploads\\\/2020\\\/09\\\/DSP_Diesel-2020.jpg\",\"width\":1133,\"height\":479,\"caption\":\"DSP\"},\"image\":{\"@id\":\"https:\\\/\\\/dsp.eu\\\/de\\\/#\\\/schema\\\/logo\\\/image\\\/\"}}]}<\/script>\n<!-- \/ Yoast SEO plugin. -->","yoast_head_json":{"title":"Wartung von Anlassern und Lichtmaschinen | DSP","description":"Ben\u00f6tigt Ihr Anlasser oder Ihre Lichtmaschine eine Wartung? Wir \u00fcberholen, testen und modifizieren verschiedene Anlasser und Lichtmaschinen f\u00fcr eine optimale Leistung.","robots":{"index":"index","follow":"follow","max-snippet":"max-snippet:-1","max-image-preview":"max-image-preview:large","max-video-preview":"max-video-preview:-1"},"canonical":"https:\/\/dsp.eu\/de\/componenten\/anlasser-und-lichtmaschinen\/","og_locale":"de_DE","og_type":"article","og_title":"Wartung von Anlassern und Lichtmaschinen | DSP","og_description":"Ben\u00f6tigt Ihr Anlasser oder Ihre Lichtmaschine eine Wartung? Wir \u00fcberholen, testen und modifizieren verschiedene Anlasser und Lichtmaschinen f\u00fcr eine optimale Leistung.","og_url":"https:\/\/dsp.eu\/de\/componenten\/anlasser-und-lichtmaschinen\/","og_site_name":"DSP","article_modified_time":"2022-06-20T11:46:08+00:00","twitter_card":"summary_large_image","schema":{"@context":"https:\/\/schema.org","@graph":[{"@type":"WebPage","@id":"https:\/\/dsp.eu\/de\/componenten\/anlasser-und-lichtmaschinen\/","url":"https:\/\/dsp.eu\/de\/componenten\/anlasser-und-lichtmaschinen\/","name":"Wartung von Anlassern und Lichtmaschinen | DSP","isPartOf":{"@id":"https:\/\/dsp.eu\/de\/#website"},"datePublished":"2022-03-21T10:34:55+00:00","dateModified":"2022-06-20T11:46:08+00:00","description":"Ben\u00f6tigt Ihr Anlasser oder Ihre Lichtmaschine eine Wartung? Wir \u00fcberholen, testen und modifizieren verschiedene Anlasser und Lichtmaschinen f\u00fcr eine optimale Leistung.","breadcrumb":{"@id":"https:\/\/dsp.eu\/de\/componenten\/anlasser-und-lichtmaschinen\/#breadcrumb"},"inLanguage":"de","potentialAction":[{"@type":"ReadAction","target":["https:\/\/dsp.eu\/de\/componenten\/anlasser-und-lichtmaschinen\/"]}]},{"@type":"BreadcrumbList","@id":"https:\/\/dsp.eu\/de\/componenten\/anlasser-und-lichtmaschinen\/#breadcrumb","itemListElement":[{"@type":"ListItem","position":1,"name":"Home","item":"https:\/\/dsp.eu\/de\/"},{"@type":"ListItem","position":2,"name":"Componenten","item":"https:\/\/dsp.eu\/de\/componenten\/"},{"@type":"ListItem","position":3,"name":"Anlasser und Lichtmaschinen"}]},{"@type":"WebSite","@id":"https:\/\/dsp.eu\/de\/#website","url":"https:\/\/dsp.eu\/de\/","name":"DSP","description":"Keeping you on Track","publisher":{"@id":"https:\/\/dsp.eu\/de\/#organization"},"potentialAction":[{"@type":"SearchAction","target":{"@type":"EntryPoint","urlTemplate":"https:\/\/dsp.eu\/de\/?s={search_term_string}"},"query-input":{"@type":"PropertyValueSpecification","valueRequired":true,"valueName":"search_term_string"}}],"inLanguage":"de"},{"@type":"Organization","@id":"https:\/\/dsp.eu\/de\/#organization","name":"DSP","url":"https:\/\/dsp.eu\/de\/","logo":{"@type":"ImageObject","inLanguage":"de","@id":"https:\/\/dsp.eu\/de\/#\/schema\/logo\/image\/","url":"http:\/\/dsp.eu\/wp-content\/uploads\/2020\/09\/DSP_Diesel-2020.jpg","contentUrl":"http:\/\/dsp.eu\/wp-content\/uploads\/2020\/09\/DSP_Diesel-2020.jpg","width":1133,"height":479,"caption":"DSP"},"image":{"@id":"https:\/\/dsp.eu\/de\/#\/schema\/logo\/image\/"}}]}},"_links":{"self":[{"href":"https:\/\/dsp.eu\/de\/wp-json\/wp\/v2\/pages\/551","targetHints":{"allow":["GET"]}}],"collection":[{"href":"https:\/\/dsp.eu\/de\/wp-json\/wp\/v2\/pages"}],"about":[{"href":"https:\/\/dsp.eu\/de\/wp-json\/wp\/v2\/types\/page"}],"author":[{"embeddable":true,"href":"https:\/\/dsp.eu\/de\/wp-json\/wp\/v2\/users\/7"}],"replies":[{"embeddable":true,"href":"https:\/\/dsp.eu\/de\/wp-json\/wp\/v2\/comments?post=551"}],"version-history":[{"count":1,"href":"https:\/\/dsp.eu\/de\/wp-json\/wp\/v2\/pages\/551\/revisions"}],"predecessor-version":[{"id":553,"href":"https:\/\/dsp.eu\/de\/wp-json\/wp\/v2\/pages\/551\/revisions\/553"}],"up":[{"embeddable":true,"href":"https:\/\/dsp.eu\/de\/wp-json\/wp\/v2\/pages\/38"}],"wp:attachment":[{"href":"https:\/\/dsp.eu\/de\/wp-json\/wp\/v2\/media?parent=551"}],"curies":[{"name":"wp","href":"https:\/\/api.w.org\/{rel}","templated":true}]}}