{"id":554,"date":"2022-03-21T12:37:41","date_gmt":"2022-03-21T11:37:41","guid":{"rendered":"https:\/\/dsp.eu\/?page_id=554"},"modified":"2022-06-20T13:47:48","modified_gmt":"2022-06-20T11:47:48","slug":"kraftstoffsysteme","status":"publish","type":"page","link":"https:\/\/dsp.eu\/de\/componenten\/kraftstoffsysteme\/","title":{"rendered":"Kraftstoffsysteme"},"content":{"rendered":"","protected":false},"excerpt":{"rendered":"","protected":false},"author":7,"featured_media":0,"parent":38,"menu_order":4,"comment_status":"closed","ping_status":"closed","template":"","meta":{"footnotes":""},"class_list":["post-554","page","type-page","status-publish","hentry"],"yoast_head":"<!-- This site is optimized with the Yoast SEO plugin v27.4 - https:\/\/yoast.com\/product\/yoast-seo-wordpress\/ -->\n<title>Wartung und \u00dcberholung von Kraftstoffsystemen | DSP<\/title>\n<meta name=\"description\" content=\"Probleme mit Ihrem Kraftstoffsystem? Wir warten und \u00fcberholen Diesel- und Elektrokraftstoffsysteme und f\u00fchren Kraftstoffdiagnosen f\u00fcr Sie durch.\" \/>\n<meta name=\"robots\" content=\"index, follow, max-snippet:-1, max-image-preview:large, max-video-preview:-1\" \/>\n<link rel=\"canonical\" href=\"https:\/\/dsp.eu\/de\/componenten\/kraftstoffsysteme\/\" \/>\n<meta property=\"og:locale\" content=\"de_DE\" \/>\n<meta property=\"og:type\" content=\"article\" \/>\n<meta property=\"og:title\" content=\"Wartung und \u00dcberholung von Kraftstoffsystemen | DSP\" \/>\n<meta property=\"og:description\" content=\"Probleme mit Ihrem Kraftstoffsystem? Wir warten und \u00fcberholen Diesel- und Elektrokraftstoffsysteme und f\u00fchren Kraftstoffdiagnosen f\u00fcr Sie durch.\" \/>\n<meta property=\"og:url\" content=\"https:\/\/dsp.eu\/de\/componenten\/kraftstoffsysteme\/\" \/>\n<meta property=\"og:site_name\" content=\"DSP\" \/>\n<meta property=\"article:modified_time\" content=\"2022-06-20T11:47:48+00:00\" \/>\n<meta name=\"twitter:card\" content=\"summary_large_image\" \/>\n<script type=\"application\/ld+json\" class=\"yoast-schema-graph\">{\"@context\":\"https:\\\/\\\/schema.org\",\"@graph\":[{\"@type\":\"WebPage\",\"@id\":\"https:\\\/\\\/dsp.eu\\\/de\\\/componenten\\\/kraftstoffsysteme\\\/\",\"url\":\"https:\\\/\\\/dsp.eu\\\/de\\\/componenten\\\/kraftstoffsysteme\\\/\",\"name\":\"Wartung und \u00dcberholung von Kraftstoffsystemen | DSP\",\"isPartOf\":{\"@id\":\"https:\\\/\\\/dsp.eu\\\/de\\\/#website\"},\"datePublished\":\"2022-03-21T11:37:41+00:00\",\"dateModified\":\"2022-06-20T11:47:48+00:00\",\"description\":\"Probleme mit Ihrem Kraftstoffsystem? Wir warten und \u00fcberholen Diesel- und Elektrokraftstoffsysteme und f\u00fchren Kraftstoffdiagnosen f\u00fcr Sie durch.\",\"breadcrumb\":{\"@id\":\"https:\\\/\\\/dsp.eu\\\/de\\\/componenten\\\/kraftstoffsysteme\\\/#breadcrumb\"},\"inLanguage\":\"de\",\"potentialAction\":[{\"@type\":\"ReadAction\",\"target\":[\"https:\\\/\\\/dsp.eu\\\/de\\\/componenten\\\/kraftstoffsysteme\\\/\"]}]},{\"@type\":\"BreadcrumbList\",\"@id\":\"https:\\\/\\\/dsp.eu\\\/de\\\/componenten\\\/kraftstoffsysteme\\\/#breadcrumb\",\"itemListElement\":[{\"@type\":\"ListItem\",\"position\":1,\"name\":\"Home\",\"item\":\"https:\\\/\\\/dsp.eu\\\/de\\\/\"},{\"@type\":\"ListItem\",\"position\":2,\"name\":\"Componenten\",\"item\":\"https:\\\/\\\/dsp.eu\\\/de\\\/componenten\\\/\"},{\"@type\":\"ListItem\",\"position\":3,\"name\":\"Kraftstoffsysteme\"}]},{\"@type\":\"WebSite\",\"@id\":\"https:\\\/\\\/dsp.eu\\\/de\\\/#website\",\"url\":\"https:\\\/\\\/dsp.eu\\\/de\\\/\",\"name\":\"DSP\",\"description\":\"Keeping you on Track\",\"publisher\":{\"@id\":\"https:\\\/\\\/dsp.eu\\\/de\\\/#organization\"},\"potentialAction\":[{\"@type\":\"SearchAction\",\"target\":{\"@type\":\"EntryPoint\",\"urlTemplate\":\"https:\\\/\\\/dsp.eu\\\/de\\\/?s={search_term_string}\"},\"query-input\":{\"@type\":\"PropertyValueSpecification\",\"valueRequired\":true,\"valueName\":\"search_term_string\"}}],\"inLanguage\":\"de\"},{\"@type\":\"Organization\",\"@id\":\"https:\\\/\\\/dsp.eu\\\/de\\\/#organization\",\"name\":\"DSP\",\"url\":\"https:\\\/\\\/dsp.eu\\\/de\\\/\",\"logo\":{\"@type\":\"ImageObject\",\"inLanguage\":\"de\",\"@id\":\"https:\\\/\\\/dsp.eu\\\/de\\\/#\\\/schema\\\/logo\\\/image\\\/\",\"url\":\"http:\\\/\\\/dsp.eu\\\/wp-content\\\/uploads\\\/2020\\\/09\\\/DSP_Diesel-2020.jpg\",\"contentUrl\":\"http:\\\/\\\/dsp.eu\\\/wp-content\\\/uploads\\\/2020\\\/09\\\/DSP_Diesel-2020.jpg\",\"width\":1133,\"height\":479,\"caption\":\"DSP\"},\"image\":{\"@id\":\"https:\\\/\\\/dsp.eu\\\/de\\\/#\\\/schema\\\/logo\\\/image\\\/\"}}]}<\/script>\n<!-- \/ Yoast SEO plugin. -->","yoast_head_json":{"title":"Wartung und \u00dcberholung von Kraftstoffsystemen | DSP","description":"Probleme mit Ihrem Kraftstoffsystem? Wir warten und \u00fcberholen Diesel- und Elektrokraftstoffsysteme und f\u00fchren Kraftstoffdiagnosen f\u00fcr Sie durch.","robots":{"index":"index","follow":"follow","max-snippet":"max-snippet:-1","max-image-preview":"max-image-preview:large","max-video-preview":"max-video-preview:-1"},"canonical":"https:\/\/dsp.eu\/de\/componenten\/kraftstoffsysteme\/","og_locale":"de_DE","og_type":"article","og_title":"Wartung und \u00dcberholung von Kraftstoffsystemen | DSP","og_description":"Probleme mit Ihrem Kraftstoffsystem? Wir warten und \u00fcberholen Diesel- und Elektrokraftstoffsysteme und f\u00fchren Kraftstoffdiagnosen f\u00fcr Sie durch.","og_url":"https:\/\/dsp.eu\/de\/componenten\/kraftstoffsysteme\/","og_site_name":"DSP","article_modified_time":"2022-06-20T11:47:48+00:00","twitter_card":"summary_large_image","schema":{"@context":"https:\/\/schema.org","@graph":[{"@type":"WebPage","@id":"https:\/\/dsp.eu\/de\/componenten\/kraftstoffsysteme\/","url":"https:\/\/dsp.eu\/de\/componenten\/kraftstoffsysteme\/","name":"Wartung und \u00dcberholung von Kraftstoffsystemen | DSP","isPartOf":{"@id":"https:\/\/dsp.eu\/de\/#website"},"datePublished":"2022-03-21T11:37:41+00:00","dateModified":"2022-06-20T11:47:48+00:00","description":"Probleme mit Ihrem Kraftstoffsystem? Wir warten und \u00fcberholen Diesel- und Elektrokraftstoffsysteme und f\u00fchren Kraftstoffdiagnosen f\u00fcr Sie durch.","breadcrumb":{"@id":"https:\/\/dsp.eu\/de\/componenten\/kraftstoffsysteme\/#breadcrumb"},"inLanguage":"de","potentialAction":[{"@type":"ReadAction","target":["https:\/\/dsp.eu\/de\/componenten\/kraftstoffsysteme\/"]}]},{"@type":"BreadcrumbList","@id":"https:\/\/dsp.eu\/de\/componenten\/kraftstoffsysteme\/#breadcrumb","itemListElement":[{"@type":"ListItem","position":1,"name":"Home","item":"https:\/\/dsp.eu\/de\/"},{"@type":"ListItem","position":2,"name":"Componenten","item":"https:\/\/dsp.eu\/de\/componenten\/"},{"@type":"ListItem","position":3,"name":"Kraftstoffsysteme"}]},{"@type":"WebSite","@id":"https:\/\/dsp.eu\/de\/#website","url":"https:\/\/dsp.eu\/de\/","name":"DSP","description":"Keeping you on Track","publisher":{"@id":"https:\/\/dsp.eu\/de\/#organization"},"potentialAction":[{"@type":"SearchAction","target":{"@type":"EntryPoint","urlTemplate":"https:\/\/dsp.eu\/de\/?s={search_term_string}"},"query-input":{"@type":"PropertyValueSpecification","valueRequired":true,"valueName":"search_term_string"}}],"inLanguage":"de"},{"@type":"Organization","@id":"https:\/\/dsp.eu\/de\/#organization","name":"DSP","url":"https:\/\/dsp.eu\/de\/","logo":{"@type":"ImageObject","inLanguage":"de","@id":"https:\/\/dsp.eu\/de\/#\/schema\/logo\/image\/","url":"http:\/\/dsp.eu\/wp-content\/uploads\/2020\/09\/DSP_Diesel-2020.jpg","contentUrl":"http:\/\/dsp.eu\/wp-content\/uploads\/2020\/09\/DSP_Diesel-2020.jpg","width":1133,"height":479,"caption":"DSP"},"image":{"@id":"https:\/\/dsp.eu\/de\/#\/schema\/logo\/image\/"}}]}},"_links":{"self":[{"href":"https:\/\/dsp.eu\/de\/wp-json\/wp\/v2\/pages\/554","targetHints":{"allow":["GET"]}}],"collection":[{"href":"https:\/\/dsp.eu\/de\/wp-json\/wp\/v2\/pages"}],"about":[{"href":"https:\/\/dsp.eu\/de\/wp-json\/wp\/v2\/types\/page"}],"author":[{"embeddable":true,"href":"https:\/\/dsp.eu\/de\/wp-json\/wp\/v2\/users\/7"}],"replies":[{"embeddable":true,"href":"https:\/\/dsp.eu\/de\/wp-json\/wp\/v2\/comments?post=554"}],"version-history":[{"count":1,"href":"https:\/\/dsp.eu\/de\/wp-json\/wp\/v2\/pages\/554\/revisions"}],"predecessor-version":[{"id":556,"href":"https:\/\/dsp.eu\/de\/wp-json\/wp\/v2\/pages\/554\/revisions\/556"}],"up":[{"embeddable":true,"href":"https:\/\/dsp.eu\/de\/wp-json\/wp\/v2\/pages\/38"}],"wp:attachment":[{"href":"https:\/\/dsp.eu\/de\/wp-json\/wp\/v2\/media?parent=554"}],"curies":[{"name":"wp","href":"https:\/\/api.w.org\/{rel}","templated":true}]}}