{"id":367,"date":"2021-09-16T12:30:46","date_gmt":"2021-09-16T10:30:46","guid":{"rendered":"https:\/\/dsp.eu\/uklady-napedowe\/powerpacki\/"},"modified":"2022-06-20T15:01:38","modified_gmt":"2022-06-20T13:01:38","slug":"powerpacki","status":"publish","type":"page","link":"https:\/\/dsp.eu\/pl\/uklady-napedowe\/powerpacki\/","title":{"rendered":"Powerpacks"},"content":{"rendered":"","protected":false},"excerpt":{"rendered":"","protected":false},"author":9,"featured_media":0,"parent":363,"menu_order":2,"comment_status":"closed","ping_status":"closed","template":"","meta":{"footnotes":""},"class_list":["post-367","page","type-page","status-publish","hentry"],"yoast_head":"<!-- This site is optimized with the Yoast SEO plugin v27.4 - https:\/\/yoast.com\/product\/yoast-seo-wordpress\/ -->\n<title>Konserwacja silnik\u00f3w Diesla | DSP<\/title>\n<meta name=\"description\" content=\"Chcesz przed\u0142u\u017cy\u0107 \u017cywotno\u015b\u0107 swojego silnika wysokopr\u0119\u017cnego? DSP oferuje r\u00f3\u017cnorodne dzia\u0142ania serwisowe dla floty, kt\u00f3ra dzia\u0142a wydajnie i niezawodnie.\" \/>\n<meta name=\"robots\" content=\"index, follow, max-snippet:-1, max-image-preview:large, max-video-preview:-1\" \/>\n<link rel=\"canonical\" href=\"https:\/\/dsp.eu\/pl\/uklady-napedowe\/powerpacki\/\" \/>\n<meta property=\"og:locale\" content=\"pl_PL\" \/>\n<meta property=\"og:type\" content=\"article\" \/>\n<meta property=\"og:title\" content=\"Konserwacja silnik\u00f3w Diesla | DSP\" \/>\n<meta property=\"og:description\" content=\"Chcesz przed\u0142u\u017cy\u0107 \u017cywotno\u015b\u0107 swojego silnika wysokopr\u0119\u017cnego? DSP oferuje r\u00f3\u017cnorodne dzia\u0142ania serwisowe dla floty, kt\u00f3ra dzia\u0142a wydajnie i niezawodnie.\" \/>\n<meta property=\"og:url\" content=\"https:\/\/dsp.eu\/pl\/uklady-napedowe\/powerpacki\/\" \/>\n<meta property=\"og:site_name\" content=\"DSP\" \/>\n<meta property=\"article:modified_time\" content=\"2022-06-20T13:01:38+00:00\" \/>\n<meta name=\"twitter:card\" content=\"summary_large_image\" \/>\n<script type=\"application\/ld+json\" class=\"yoast-schema-graph\">{\"@context\":\"https:\\\/\\\/schema.org\",\"@graph\":[{\"@type\":\"WebPage\",\"@id\":\"https:\\\/\\\/dsp.eu\\\/pl\\\/uklady-napedowe\\\/powerpacki\\\/\",\"url\":\"https:\\\/\\\/dsp.eu\\\/pl\\\/uklady-napedowe\\\/powerpacki\\\/\",\"name\":\"Konserwacja silnik\u00f3w Diesla | DSP\",\"isPartOf\":{\"@id\":\"https:\\\/\\\/dsp.eu\\\/pl\\\/#website\"},\"datePublished\":\"2021-09-16T10:30:46+00:00\",\"dateModified\":\"2022-06-20T13:01:38+00:00\",\"description\":\"Chcesz przed\u0142u\u017cy\u0107 \u017cywotno\u015b\u0107 swojego silnika wysokopr\u0119\u017cnego? DSP oferuje r\u00f3\u017cnorodne dzia\u0142ania serwisowe dla floty, kt\u00f3ra dzia\u0142a wydajnie i niezawodnie.\",\"breadcrumb\":{\"@id\":\"https:\\\/\\\/dsp.eu\\\/pl\\\/uklady-napedowe\\\/powerpacki\\\/#breadcrumb\"},\"inLanguage\":\"pl-PL\",\"potentialAction\":[{\"@type\":\"ReadAction\",\"target\":[\"https:\\\/\\\/dsp.eu\\\/pl\\\/uklady-napedowe\\\/powerpacki\\\/\"]}]},{\"@type\":\"BreadcrumbList\",\"@id\":\"https:\\\/\\\/dsp.eu\\\/pl\\\/uklady-napedowe\\\/powerpacki\\\/#breadcrumb\",\"itemListElement\":[{\"@type\":\"ListItem\",\"position\":1,\"name\":\"Home\",\"item\":\"https:\\\/\\\/dsp.eu\\\/pl\\\/\"},{\"@type\":\"ListItem\",\"position\":2,\"name\":\"Uk\u0142ady nap\u0119dowe\",\"item\":\"https:\\\/\\\/dsp.eu\\\/pl\\\/uklady-napedowe\\\/\"},{\"@type\":\"ListItem\",\"position\":3,\"name\":\"Powerpacks\"}]},{\"@type\":\"WebSite\",\"@id\":\"https:\\\/\\\/dsp.eu\\\/pl\\\/#website\",\"url\":\"https:\\\/\\\/dsp.eu\\\/pl\\\/\",\"name\":\"DSP\",\"description\":\"Keeping you on Track\",\"publisher\":{\"@id\":\"https:\\\/\\\/dsp.eu\\\/pl\\\/#organization\"},\"potentialAction\":[{\"@type\":\"SearchAction\",\"target\":{\"@type\":\"EntryPoint\",\"urlTemplate\":\"https:\\\/\\\/dsp.eu\\\/pl\\\/?s={search_term_string}\"},\"query-input\":{\"@type\":\"PropertyValueSpecification\",\"valueRequired\":true,\"valueName\":\"search_term_string\"}}],\"inLanguage\":\"pl-PL\"},{\"@type\":\"Organization\",\"@id\":\"https:\\\/\\\/dsp.eu\\\/pl\\\/#organization\",\"name\":\"DSP\",\"url\":\"https:\\\/\\\/dsp.eu\\\/pl\\\/\",\"logo\":{\"@type\":\"ImageObject\",\"inLanguage\":\"pl-PL\",\"@id\":\"https:\\\/\\\/dsp.eu\\\/pl\\\/#\\\/schema\\\/logo\\\/image\\\/\",\"url\":\"http:\\\/\\\/dsp.eu\\\/wp-content\\\/uploads\\\/2020\\\/09\\\/DSP_Diesel-2020.jpg\",\"contentUrl\":\"http:\\\/\\\/dsp.eu\\\/wp-content\\\/uploads\\\/2020\\\/09\\\/DSP_Diesel-2020.jpg\",\"width\":1133,\"height\":479,\"caption\":\"DSP\"},\"image\":{\"@id\":\"https:\\\/\\\/dsp.eu\\\/pl\\\/#\\\/schema\\\/logo\\\/image\\\/\"}}]}<\/script>\n<!-- \/ Yoast SEO plugin. -->","yoast_head_json":{"title":"Konserwacja silnik\u00f3w Diesla | DSP","description":"Chcesz przed\u0142u\u017cy\u0107 \u017cywotno\u015b\u0107 swojego silnika wysokopr\u0119\u017cnego? DSP oferuje r\u00f3\u017cnorodne dzia\u0142ania serwisowe dla floty, kt\u00f3ra dzia\u0142a wydajnie i niezawodnie.","robots":{"index":"index","follow":"follow","max-snippet":"max-snippet:-1","max-image-preview":"max-image-preview:large","max-video-preview":"max-video-preview:-1"},"canonical":"https:\/\/dsp.eu\/pl\/uklady-napedowe\/powerpacki\/","og_locale":"pl_PL","og_type":"article","og_title":"Konserwacja silnik\u00f3w Diesla | DSP","og_description":"Chcesz przed\u0142u\u017cy\u0107 \u017cywotno\u015b\u0107 swojego silnika wysokopr\u0119\u017cnego? DSP oferuje r\u00f3\u017cnorodne dzia\u0142ania serwisowe dla floty, kt\u00f3ra dzia\u0142a wydajnie i niezawodnie.","og_url":"https:\/\/dsp.eu\/pl\/uklady-napedowe\/powerpacki\/","og_site_name":"DSP","article_modified_time":"2022-06-20T13:01:38+00:00","twitter_card":"summary_large_image","schema":{"@context":"https:\/\/schema.org","@graph":[{"@type":"WebPage","@id":"https:\/\/dsp.eu\/pl\/uklady-napedowe\/powerpacki\/","url":"https:\/\/dsp.eu\/pl\/uklady-napedowe\/powerpacki\/","name":"Konserwacja silnik\u00f3w Diesla | DSP","isPartOf":{"@id":"https:\/\/dsp.eu\/pl\/#website"},"datePublished":"2021-09-16T10:30:46+00:00","dateModified":"2022-06-20T13:01:38+00:00","description":"Chcesz przed\u0142u\u017cy\u0107 \u017cywotno\u015b\u0107 swojego silnika wysokopr\u0119\u017cnego? DSP oferuje r\u00f3\u017cnorodne dzia\u0142ania serwisowe dla floty, kt\u00f3ra dzia\u0142a wydajnie i niezawodnie.","breadcrumb":{"@id":"https:\/\/dsp.eu\/pl\/uklady-napedowe\/powerpacki\/#breadcrumb"},"inLanguage":"pl-PL","potentialAction":[{"@type":"ReadAction","target":["https:\/\/dsp.eu\/pl\/uklady-napedowe\/powerpacki\/"]}]},{"@type":"BreadcrumbList","@id":"https:\/\/dsp.eu\/pl\/uklady-napedowe\/powerpacki\/#breadcrumb","itemListElement":[{"@type":"ListItem","position":1,"name":"Home","item":"https:\/\/dsp.eu\/pl\/"},{"@type":"ListItem","position":2,"name":"Uk\u0142ady nap\u0119dowe","item":"https:\/\/dsp.eu\/pl\/uklady-napedowe\/"},{"@type":"ListItem","position":3,"name":"Powerpacks"}]},{"@type":"WebSite","@id":"https:\/\/dsp.eu\/pl\/#website","url":"https:\/\/dsp.eu\/pl\/","name":"DSP","description":"Keeping you on Track","publisher":{"@id":"https:\/\/dsp.eu\/pl\/#organization"},"potentialAction":[{"@type":"SearchAction","target":{"@type":"EntryPoint","urlTemplate":"https:\/\/dsp.eu\/pl\/?s={search_term_string}"},"query-input":{"@type":"PropertyValueSpecification","valueRequired":true,"valueName":"search_term_string"}}],"inLanguage":"pl-PL"},{"@type":"Organization","@id":"https:\/\/dsp.eu\/pl\/#organization","name":"DSP","url":"https:\/\/dsp.eu\/pl\/","logo":{"@type":"ImageObject","inLanguage":"pl-PL","@id":"https:\/\/dsp.eu\/pl\/#\/schema\/logo\/image\/","url":"http:\/\/dsp.eu\/wp-content\/uploads\/2020\/09\/DSP_Diesel-2020.jpg","contentUrl":"http:\/\/dsp.eu\/wp-content\/uploads\/2020\/09\/DSP_Diesel-2020.jpg","width":1133,"height":479,"caption":"DSP"},"image":{"@id":"https:\/\/dsp.eu\/pl\/#\/schema\/logo\/image\/"}}]}},"_links":{"self":[{"href":"https:\/\/dsp.eu\/pl\/wp-json\/wp\/v2\/pages\/367","targetHints":{"allow":["GET"]}}],"collection":[{"href":"https:\/\/dsp.eu\/pl\/wp-json\/wp\/v2\/pages"}],"about":[{"href":"https:\/\/dsp.eu\/pl\/wp-json\/wp\/v2\/types\/page"}],"author":[{"embeddable":true,"href":"https:\/\/dsp.eu\/pl\/wp-json\/wp\/v2\/users\/9"}],"replies":[{"embeddable":true,"href":"https:\/\/dsp.eu\/pl\/wp-json\/wp\/v2\/comments?post=367"}],"version-history":[{"count":2,"href":"https:\/\/dsp.eu\/pl\/wp-json\/wp\/v2\/pages\/367\/revisions"}],"predecessor-version":[{"id":790,"href":"https:\/\/dsp.eu\/pl\/wp-json\/wp\/v2\/pages\/367\/revisions\/790"}],"up":[{"embeddable":true,"href":"https:\/\/dsp.eu\/pl\/wp-json\/wp\/v2\/pages\/363"}],"wp:attachment":[{"href":"https:\/\/dsp.eu\/pl\/wp-json\/wp\/v2\/media?parent=367"}],"curies":[{"name":"wp","href":"https:\/\/api.w.org\/{rel}","templated":true}]}}