{"id":371,"date":"2021-09-16T13:01:28","date_gmt":"2021-09-16T11:01:28","guid":{"rendered":"https:\/\/dsp.eu\/uslugi\/"},"modified":"2022-06-20T15:48:42","modified_gmt":"2022-06-20T13:48:42","slug":"uslugi","status":"publish","type":"page","link":"https:\/\/dsp.eu\/pl\/uslugi\/","title":{"rendered":"Us\u0142ugi"},"content":{"rendered":"","protected":false},"excerpt":{"rendered":"","protected":false},"author":9,"featured_media":0,"parent":0,"menu_order":4,"comment_status":"closed","ping_status":"closed","template":"","meta":{"footnotes":""},"class_list":["post-371","page","type-page","status-publish","hentry"],"yoast_head":"<!-- This site is optimized with the Yoast SEO plugin v27.4 - https:\/\/yoast.com\/product\/yoast-seo-wordpress\/ -->\n<title>Nasze us\u0142ugi konserwacyjne i cz\u0119\u015bci | DSP<\/title>\n<meta name=\"description\" content=\"Potrzebujesz konserwacji swojego systemu nap\u0119dowego? Oferujemy technika na miejscu, testujemy wszystko w naszym warsztacie, diagnozujemy i dostarczamy oryginalne cz\u0119\u015bci.\" \/>\n<meta name=\"robots\" content=\"index, follow, max-snippet:-1, max-image-preview:large, max-video-preview:-1\" \/>\n<link rel=\"canonical\" href=\"https:\/\/dsp.eu\/pl\/uslugi\/\" \/>\n<meta property=\"og:locale\" content=\"pl_PL\" \/>\n<meta property=\"og:type\" content=\"article\" \/>\n<meta property=\"og:title\" content=\"Nasze us\u0142ugi konserwacyjne i cz\u0119\u015bci | DSP\" \/>\n<meta property=\"og:description\" content=\"Potrzebujesz konserwacji swojego systemu nap\u0119dowego? Oferujemy technika na miejscu, testujemy wszystko w naszym warsztacie, diagnozujemy i dostarczamy oryginalne cz\u0119\u015bci.\" \/>\n<meta property=\"og:url\" content=\"https:\/\/dsp.eu\/pl\/uslugi\/\" \/>\n<meta property=\"og:site_name\" content=\"DSP\" \/>\n<meta property=\"article:modified_time\" content=\"2022-06-20T13:48:42+00:00\" \/>\n<meta name=\"twitter:card\" content=\"summary_large_image\" \/>\n<script type=\"application\/ld+json\" class=\"yoast-schema-graph\">{\"@context\":\"https:\\\/\\\/schema.org\",\"@graph\":[{\"@type\":\"WebPage\",\"@id\":\"https:\\\/\\\/dsp.eu\\\/pl\\\/uslugi\\\/\",\"url\":\"https:\\\/\\\/dsp.eu\\\/pl\\\/uslugi\\\/\",\"name\":\"Nasze us\u0142ugi konserwacyjne i cz\u0119\u015bci | DSP\",\"isPartOf\":{\"@id\":\"https:\\\/\\\/dsp.eu\\\/pl\\\/#website\"},\"datePublished\":\"2021-09-16T11:01:28+00:00\",\"dateModified\":\"2022-06-20T13:48:42+00:00\",\"description\":\"Potrzebujesz konserwacji swojego systemu nap\u0119dowego? Oferujemy technika na miejscu, testujemy wszystko w naszym warsztacie, diagnozujemy i dostarczamy oryginalne cz\u0119\u015bci.\",\"breadcrumb\":{\"@id\":\"https:\\\/\\\/dsp.eu\\\/pl\\\/uslugi\\\/#breadcrumb\"},\"inLanguage\":\"pl-PL\",\"potentialAction\":[{\"@type\":\"ReadAction\",\"target\":[\"https:\\\/\\\/dsp.eu\\\/pl\\\/uslugi\\\/\"]}]},{\"@type\":\"BreadcrumbList\",\"@id\":\"https:\\\/\\\/dsp.eu\\\/pl\\\/uslugi\\\/#breadcrumb\",\"itemListElement\":[{\"@type\":\"ListItem\",\"position\":1,\"name\":\"Home\",\"item\":\"https:\\\/\\\/dsp.eu\\\/pl\\\/\"},{\"@type\":\"ListItem\",\"position\":2,\"name\":\"Us\u0142ugi\"}]},{\"@type\":\"WebSite\",\"@id\":\"https:\\\/\\\/dsp.eu\\\/pl\\\/#website\",\"url\":\"https:\\\/\\\/dsp.eu\\\/pl\\\/\",\"name\":\"DSP\",\"description\":\"Keeping you on Track\",\"publisher\":{\"@id\":\"https:\\\/\\\/dsp.eu\\\/pl\\\/#organization\"},\"potentialAction\":[{\"@type\":\"SearchAction\",\"target\":{\"@type\":\"EntryPoint\",\"urlTemplate\":\"https:\\\/\\\/dsp.eu\\\/pl\\\/?s={search_term_string}\"},\"query-input\":{\"@type\":\"PropertyValueSpecification\",\"valueRequired\":true,\"valueName\":\"search_term_string\"}}],\"inLanguage\":\"pl-PL\"},{\"@type\":\"Organization\",\"@id\":\"https:\\\/\\\/dsp.eu\\\/pl\\\/#organization\",\"name\":\"DSP\",\"url\":\"https:\\\/\\\/dsp.eu\\\/pl\\\/\",\"logo\":{\"@type\":\"ImageObject\",\"inLanguage\":\"pl-PL\",\"@id\":\"https:\\\/\\\/dsp.eu\\\/pl\\\/#\\\/schema\\\/logo\\\/image\\\/\",\"url\":\"http:\\\/\\\/dsp.eu\\\/wp-content\\\/uploads\\\/2020\\\/09\\\/DSP_Diesel-2020.jpg\",\"contentUrl\":\"http:\\\/\\\/dsp.eu\\\/wp-content\\\/uploads\\\/2020\\\/09\\\/DSP_Diesel-2020.jpg\",\"width\":1133,\"height\":479,\"caption\":\"DSP\"},\"image\":{\"@id\":\"https:\\\/\\\/dsp.eu\\\/pl\\\/#\\\/schema\\\/logo\\\/image\\\/\"}}]}<\/script>\n<!-- \/ Yoast SEO plugin. -->","yoast_head_json":{"title":"Nasze us\u0142ugi konserwacyjne i cz\u0119\u015bci | DSP","description":"Potrzebujesz konserwacji swojego systemu nap\u0119dowego? Oferujemy technika na miejscu, testujemy wszystko w naszym warsztacie, diagnozujemy i dostarczamy oryginalne cz\u0119\u015bci.","robots":{"index":"index","follow":"follow","max-snippet":"max-snippet:-1","max-image-preview":"max-image-preview:large","max-video-preview":"max-video-preview:-1"},"canonical":"https:\/\/dsp.eu\/pl\/uslugi\/","og_locale":"pl_PL","og_type":"article","og_title":"Nasze us\u0142ugi konserwacyjne i cz\u0119\u015bci | DSP","og_description":"Potrzebujesz konserwacji swojego systemu nap\u0119dowego? Oferujemy technika na miejscu, testujemy wszystko w naszym warsztacie, diagnozujemy i dostarczamy oryginalne cz\u0119\u015bci.","og_url":"https:\/\/dsp.eu\/pl\/uslugi\/","og_site_name":"DSP","article_modified_time":"2022-06-20T13:48:42+00:00","twitter_card":"summary_large_image","schema":{"@context":"https:\/\/schema.org","@graph":[{"@type":"WebPage","@id":"https:\/\/dsp.eu\/pl\/uslugi\/","url":"https:\/\/dsp.eu\/pl\/uslugi\/","name":"Nasze us\u0142ugi konserwacyjne i cz\u0119\u015bci | DSP","isPartOf":{"@id":"https:\/\/dsp.eu\/pl\/#website"},"datePublished":"2021-09-16T11:01:28+00:00","dateModified":"2022-06-20T13:48:42+00:00","description":"Potrzebujesz konserwacji swojego systemu nap\u0119dowego? Oferujemy technika na miejscu, testujemy wszystko w naszym warsztacie, diagnozujemy i dostarczamy oryginalne cz\u0119\u015bci.","breadcrumb":{"@id":"https:\/\/dsp.eu\/pl\/uslugi\/#breadcrumb"},"inLanguage":"pl-PL","potentialAction":[{"@type":"ReadAction","target":["https:\/\/dsp.eu\/pl\/uslugi\/"]}]},{"@type":"BreadcrumbList","@id":"https:\/\/dsp.eu\/pl\/uslugi\/#breadcrumb","itemListElement":[{"@type":"ListItem","position":1,"name":"Home","item":"https:\/\/dsp.eu\/pl\/"},{"@type":"ListItem","position":2,"name":"Us\u0142ugi"}]},{"@type":"WebSite","@id":"https:\/\/dsp.eu\/pl\/#website","url":"https:\/\/dsp.eu\/pl\/","name":"DSP","description":"Keeping you on Track","publisher":{"@id":"https:\/\/dsp.eu\/pl\/#organization"},"potentialAction":[{"@type":"SearchAction","target":{"@type":"EntryPoint","urlTemplate":"https:\/\/dsp.eu\/pl\/?s={search_term_string}"},"query-input":{"@type":"PropertyValueSpecification","valueRequired":true,"valueName":"search_term_string"}}],"inLanguage":"pl-PL"},{"@type":"Organization","@id":"https:\/\/dsp.eu\/pl\/#organization","name":"DSP","url":"https:\/\/dsp.eu\/pl\/","logo":{"@type":"ImageObject","inLanguage":"pl-PL","@id":"https:\/\/dsp.eu\/pl\/#\/schema\/logo\/image\/","url":"http:\/\/dsp.eu\/wp-content\/uploads\/2020\/09\/DSP_Diesel-2020.jpg","contentUrl":"http:\/\/dsp.eu\/wp-content\/uploads\/2020\/09\/DSP_Diesel-2020.jpg","width":1133,"height":479,"caption":"DSP"},"image":{"@id":"https:\/\/dsp.eu\/pl\/#\/schema\/logo\/image\/"}}]}},"_links":{"self":[{"href":"https:\/\/dsp.eu\/pl\/wp-json\/wp\/v2\/pages\/371","targetHints":{"allow":["GET"]}}],"collection":[{"href":"https:\/\/dsp.eu\/pl\/wp-json\/wp\/v2\/pages"}],"about":[{"href":"https:\/\/dsp.eu\/pl\/wp-json\/wp\/v2\/types\/page"}],"author":[{"embeddable":true,"href":"https:\/\/dsp.eu\/pl\/wp-json\/wp\/v2\/users\/9"}],"replies":[{"embeddable":true,"href":"https:\/\/dsp.eu\/pl\/wp-json\/wp\/v2\/comments?post=371"}],"version-history":[{"count":3,"href":"https:\/\/dsp.eu\/pl\/wp-json\/wp\/v2\/pages\/371\/revisions"}],"predecessor-version":[{"id":792,"href":"https:\/\/dsp.eu\/pl\/wp-json\/wp\/v2\/pages\/371\/revisions\/792"}],"wp:attachment":[{"href":"https:\/\/dsp.eu\/pl\/wp-json\/wp\/v2\/media?parent=371"}],"curies":[{"name":"wp","href":"https:\/\/api.w.org\/{rel}","templated":true}]}}