{"id":593,"date":"2022-03-22T10:00:27","date_gmt":"2022-03-22T09:00:27","guid":{"rendered":"https:\/\/dsp.eu\/?page_id=593"},"modified":"2022-06-20T15:10:15","modified_gmt":"2022-06-20T13:10:15","slug":"hydraulika","status":"publish","type":"page","link":"https:\/\/dsp.eu\/pl\/componenten\/hydraulika\/","title":{"rendered":"Hydraulika"},"content":{"rendered":"","protected":false},"excerpt":{"rendered":"","protected":false},"author":7,"featured_media":0,"parent":38,"menu_order":1,"comment_status":"closed","ping_status":"closed","template":"","meta":{"footnotes":""},"class_list":["post-593","page","type-page","status-publish","hentry"],"yoast_head":"<!-- This site is optimized with the Yoast SEO plugin v27.4 - https:\/\/yoast.com\/product\/yoast-seo-wordpress\/ -->\n<title>Remont og\u00f3lny instalacji hydraulicznych | DSP<\/title>\n<meta name=\"description\" content=\"Potrzebujesz konserwacji lub remontu silnika hydraulicznego, pompy lub podzespo\u0142\u00f3w? Nasi technicy zapewniaj\u0105 ca\u0142kowity remont i konserwacj\u0119 dla wiod\u0105cych marek.\" \/>\n<meta name=\"robots\" content=\"index, follow, max-snippet:-1, max-image-preview:large, max-video-preview:-1\" \/>\n<link rel=\"canonical\" href=\"https:\/\/dsp.eu\/pl\/componenten\/hydraulika\/\" \/>\n<meta property=\"og:locale\" content=\"pl_PL\" \/>\n<meta property=\"og:type\" content=\"article\" \/>\n<meta property=\"og:title\" content=\"Remont og\u00f3lny instalacji hydraulicznych | DSP\" \/>\n<meta property=\"og:description\" content=\"Potrzebujesz konserwacji lub remontu silnika hydraulicznego, pompy lub podzespo\u0142\u00f3w? Nasi technicy zapewniaj\u0105 ca\u0142kowity remont i konserwacj\u0119 dla wiod\u0105cych marek.\" \/>\n<meta property=\"og:url\" content=\"https:\/\/dsp.eu\/pl\/componenten\/hydraulika\/\" \/>\n<meta property=\"og:site_name\" content=\"DSP\" \/>\n<meta property=\"article:modified_time\" content=\"2022-06-20T13:10:15+00:00\" \/>\n<meta name=\"twitter:card\" content=\"summary_large_image\" \/>\n<script type=\"application\/ld+json\" class=\"yoast-schema-graph\">{\"@context\":\"https:\\\/\\\/schema.org\",\"@graph\":[{\"@type\":\"WebPage\",\"@id\":\"https:\\\/\\\/dsp.eu\\\/pl\\\/componenten\\\/hydraulika\\\/\",\"url\":\"https:\\\/\\\/dsp.eu\\\/pl\\\/componenten\\\/hydraulika\\\/\",\"name\":\"Remont og\u00f3lny instalacji hydraulicznych | DSP\",\"isPartOf\":{\"@id\":\"https:\\\/\\\/dsp.eu\\\/pl\\\/#website\"},\"datePublished\":\"2022-03-22T09:00:27+00:00\",\"dateModified\":\"2022-06-20T13:10:15+00:00\",\"description\":\"Potrzebujesz konserwacji lub remontu silnika hydraulicznego, pompy lub podzespo\u0142\u00f3w? Nasi technicy zapewniaj\u0105 ca\u0142kowity remont i konserwacj\u0119 dla wiod\u0105cych marek.\",\"breadcrumb\":{\"@id\":\"https:\\\/\\\/dsp.eu\\\/pl\\\/componenten\\\/hydraulika\\\/#breadcrumb\"},\"inLanguage\":\"pl-PL\",\"potentialAction\":[{\"@type\":\"ReadAction\",\"target\":[\"https:\\\/\\\/dsp.eu\\\/pl\\\/componenten\\\/hydraulika\\\/\"]}]},{\"@type\":\"BreadcrumbList\",\"@id\":\"https:\\\/\\\/dsp.eu\\\/pl\\\/componenten\\\/hydraulika\\\/#breadcrumb\",\"itemListElement\":[{\"@type\":\"ListItem\",\"position\":1,\"name\":\"Home\",\"item\":\"https:\\\/\\\/dsp.eu\\\/pl\\\/\"},{\"@type\":\"ListItem\",\"position\":2,\"name\":\"Componenten\",\"item\":\"https:\\\/\\\/dsp.eu\\\/pl\\\/componenten\\\/\"},{\"@type\":\"ListItem\",\"position\":3,\"name\":\"Hydraulika\"}]},{\"@type\":\"WebSite\",\"@id\":\"https:\\\/\\\/dsp.eu\\\/pl\\\/#website\",\"url\":\"https:\\\/\\\/dsp.eu\\\/pl\\\/\",\"name\":\"DSP\",\"description\":\"Keeping you on Track\",\"publisher\":{\"@id\":\"https:\\\/\\\/dsp.eu\\\/pl\\\/#organization\"},\"potentialAction\":[{\"@type\":\"SearchAction\",\"target\":{\"@type\":\"EntryPoint\",\"urlTemplate\":\"https:\\\/\\\/dsp.eu\\\/pl\\\/?s={search_term_string}\"},\"query-input\":{\"@type\":\"PropertyValueSpecification\",\"valueRequired\":true,\"valueName\":\"search_term_string\"}}],\"inLanguage\":\"pl-PL\"},{\"@type\":\"Organization\",\"@id\":\"https:\\\/\\\/dsp.eu\\\/pl\\\/#organization\",\"name\":\"DSP\",\"url\":\"https:\\\/\\\/dsp.eu\\\/pl\\\/\",\"logo\":{\"@type\":\"ImageObject\",\"inLanguage\":\"pl-PL\",\"@id\":\"https:\\\/\\\/dsp.eu\\\/pl\\\/#\\\/schema\\\/logo\\\/image\\\/\",\"url\":\"http:\\\/\\\/dsp.eu\\\/wp-content\\\/uploads\\\/2020\\\/09\\\/DSP_Diesel-2020.jpg\",\"contentUrl\":\"http:\\\/\\\/dsp.eu\\\/wp-content\\\/uploads\\\/2020\\\/09\\\/DSP_Diesel-2020.jpg\",\"width\":1133,\"height\":479,\"caption\":\"DSP\"},\"image\":{\"@id\":\"https:\\\/\\\/dsp.eu\\\/pl\\\/#\\\/schema\\\/logo\\\/image\\\/\"}}]}<\/script>\n<!-- \/ Yoast SEO plugin. -->","yoast_head_json":{"title":"Remont og\u00f3lny instalacji hydraulicznych | DSP","description":"Potrzebujesz konserwacji lub remontu silnika hydraulicznego, pompy lub podzespo\u0142\u00f3w? Nasi technicy zapewniaj\u0105 ca\u0142kowity remont i konserwacj\u0119 dla wiod\u0105cych marek.","robots":{"index":"index","follow":"follow","max-snippet":"max-snippet:-1","max-image-preview":"max-image-preview:large","max-video-preview":"max-video-preview:-1"},"canonical":"https:\/\/dsp.eu\/pl\/componenten\/hydraulika\/","og_locale":"pl_PL","og_type":"article","og_title":"Remont og\u00f3lny instalacji hydraulicznych | DSP","og_description":"Potrzebujesz konserwacji lub remontu silnika hydraulicznego, pompy lub podzespo\u0142\u00f3w? Nasi technicy zapewniaj\u0105 ca\u0142kowity remont i konserwacj\u0119 dla wiod\u0105cych marek.","og_url":"https:\/\/dsp.eu\/pl\/componenten\/hydraulika\/","og_site_name":"DSP","article_modified_time":"2022-06-20T13:10:15+00:00","twitter_card":"summary_large_image","schema":{"@context":"https:\/\/schema.org","@graph":[{"@type":"WebPage","@id":"https:\/\/dsp.eu\/pl\/componenten\/hydraulika\/","url":"https:\/\/dsp.eu\/pl\/componenten\/hydraulika\/","name":"Remont og\u00f3lny instalacji hydraulicznych | DSP","isPartOf":{"@id":"https:\/\/dsp.eu\/pl\/#website"},"datePublished":"2022-03-22T09:00:27+00:00","dateModified":"2022-06-20T13:10:15+00:00","description":"Potrzebujesz konserwacji lub remontu silnika hydraulicznego, pompy lub podzespo\u0142\u00f3w? Nasi technicy zapewniaj\u0105 ca\u0142kowity remont i konserwacj\u0119 dla wiod\u0105cych marek.","breadcrumb":{"@id":"https:\/\/dsp.eu\/pl\/componenten\/hydraulika\/#breadcrumb"},"inLanguage":"pl-PL","potentialAction":[{"@type":"ReadAction","target":["https:\/\/dsp.eu\/pl\/componenten\/hydraulika\/"]}]},{"@type":"BreadcrumbList","@id":"https:\/\/dsp.eu\/pl\/componenten\/hydraulika\/#breadcrumb","itemListElement":[{"@type":"ListItem","position":1,"name":"Home","item":"https:\/\/dsp.eu\/pl\/"},{"@type":"ListItem","position":2,"name":"Componenten","item":"https:\/\/dsp.eu\/pl\/componenten\/"},{"@type":"ListItem","position":3,"name":"Hydraulika"}]},{"@type":"WebSite","@id":"https:\/\/dsp.eu\/pl\/#website","url":"https:\/\/dsp.eu\/pl\/","name":"DSP","description":"Keeping you on Track","publisher":{"@id":"https:\/\/dsp.eu\/pl\/#organization"},"potentialAction":[{"@type":"SearchAction","target":{"@type":"EntryPoint","urlTemplate":"https:\/\/dsp.eu\/pl\/?s={search_term_string}"},"query-input":{"@type":"PropertyValueSpecification","valueRequired":true,"valueName":"search_term_string"}}],"inLanguage":"pl-PL"},{"@type":"Organization","@id":"https:\/\/dsp.eu\/pl\/#organization","name":"DSP","url":"https:\/\/dsp.eu\/pl\/","logo":{"@type":"ImageObject","inLanguage":"pl-PL","@id":"https:\/\/dsp.eu\/pl\/#\/schema\/logo\/image\/","url":"http:\/\/dsp.eu\/wp-content\/uploads\/2020\/09\/DSP_Diesel-2020.jpg","contentUrl":"http:\/\/dsp.eu\/wp-content\/uploads\/2020\/09\/DSP_Diesel-2020.jpg","width":1133,"height":479,"caption":"DSP"},"image":{"@id":"https:\/\/dsp.eu\/pl\/#\/schema\/logo\/image\/"}}]}},"_links":{"self":[{"href":"https:\/\/dsp.eu\/pl\/wp-json\/wp\/v2\/pages\/593","targetHints":{"allow":["GET"]}}],"collection":[{"href":"https:\/\/dsp.eu\/pl\/wp-json\/wp\/v2\/pages"}],"about":[{"href":"https:\/\/dsp.eu\/pl\/wp-json\/wp\/v2\/types\/page"}],"author":[{"embeddable":true,"href":"https:\/\/dsp.eu\/pl\/wp-json\/wp\/v2\/users\/7"}],"replies":[{"embeddable":true,"href":"https:\/\/dsp.eu\/pl\/wp-json\/wp\/v2\/comments?post=593"}],"version-history":[{"count":1,"href":"https:\/\/dsp.eu\/pl\/wp-json\/wp\/v2\/pages\/593\/revisions"}],"predecessor-version":[{"id":595,"href":"https:\/\/dsp.eu\/pl\/wp-json\/wp\/v2\/pages\/593\/revisions\/595"}],"up":[{"embeddable":true,"href":"https:\/\/dsp.eu\/pl\/wp-json\/wp\/v2\/pages\/38"}],"wp:attachment":[{"href":"https:\/\/dsp.eu\/pl\/wp-json\/wp\/v2\/media?parent=593"}],"curies":[{"name":"wp","href":"https:\/\/api.w.org\/{rel}","templated":true}]}}