{"id":608,"date":"2022-03-22T11:00:28","date_gmt":"2022-03-22T10:00:28","guid":{"rendered":"https:\/\/dsp.eu\/?page_id=608"},"modified":"2022-06-20T15:26:33","modified_gmt":"2022-06-20T13:26:33","slug":"turbos","status":"publish","type":"page","link":"https:\/\/dsp.eu\/pl\/componenten\/turbos\/","title":{"rendered":"Turbos"},"content":{"rendered":"","protected":false},"excerpt":{"rendered":"","protected":false},"author":7,"featured_media":0,"parent":38,"menu_order":6,"comment_status":"closed","ping_status":"closed","template":"","meta":{"footnotes":""},"class_list":["post-608","page","type-page","status-publish","hentry"],"yoast_head":"<!-- This site is optimized with the Yoast SEO plugin v27.4 - https:\/\/yoast.com\/product\/yoast-seo-wordpress\/ -->\n<title>Konserwacja i remonty turbin przemys\u0142owych | DSP<\/title>\n<meta name=\"description\" content=\"Turbospr\u0119\u017carki zapewniaj\u0105 doskona\u0142e osi\u0105gi, je\u015bli s\u0105 odpowiednio konserwowane. Czy Twoja turbospr\u0119\u017carka zosta\u0142a naprawiona, wyremontowana lub wywa\u017cona? DSP przywraca turbospr\u0119\u017cark\u0119 do doskona\u0142ego stanu.\" \/>\n<meta name=\"robots\" content=\"index, follow, max-snippet:-1, max-image-preview:large, max-video-preview:-1\" \/>\n<link rel=\"canonical\" href=\"https:\/\/dsp.eu\/pl\/componenten\/turbos\/\" \/>\n<meta property=\"og:locale\" content=\"pl_PL\" \/>\n<meta property=\"og:type\" content=\"article\" \/>\n<meta property=\"og:title\" content=\"Konserwacja i remonty turbin przemys\u0142owych | DSP\" \/>\n<meta property=\"og:description\" content=\"Turbospr\u0119\u017carki zapewniaj\u0105 doskona\u0142e osi\u0105gi, je\u015bli s\u0105 odpowiednio konserwowane. Czy Twoja turbospr\u0119\u017carka zosta\u0142a naprawiona, wyremontowana lub wywa\u017cona? DSP przywraca turbospr\u0119\u017cark\u0119 do doskona\u0142ego stanu.\" \/>\n<meta property=\"og:url\" content=\"https:\/\/dsp.eu\/pl\/componenten\/turbos\/\" \/>\n<meta property=\"og:site_name\" content=\"DSP\" \/>\n<meta property=\"article:modified_time\" content=\"2022-06-20T13:26:33+00:00\" \/>\n<meta name=\"twitter:card\" content=\"summary_large_image\" \/>\n<script type=\"application\/ld+json\" class=\"yoast-schema-graph\">{\"@context\":\"https:\\\/\\\/schema.org\",\"@graph\":[{\"@type\":\"WebPage\",\"@id\":\"https:\\\/\\\/dsp.eu\\\/pl\\\/componenten\\\/turbos\\\/\",\"url\":\"https:\\\/\\\/dsp.eu\\\/pl\\\/componenten\\\/turbos\\\/\",\"name\":\"Konserwacja i remonty turbin przemys\u0142owych | DSP\",\"isPartOf\":{\"@id\":\"https:\\\/\\\/dsp.eu\\\/pl\\\/#website\"},\"datePublished\":\"2022-03-22T10:00:28+00:00\",\"dateModified\":\"2022-06-20T13:26:33+00:00\",\"description\":\"Turbospr\u0119\u017carki zapewniaj\u0105 doskona\u0142e osi\u0105gi, je\u015bli s\u0105 odpowiednio konserwowane. Czy Twoja turbospr\u0119\u017carka zosta\u0142a naprawiona, wyremontowana lub wywa\u017cona? DSP przywraca turbospr\u0119\u017cark\u0119 do doskona\u0142ego stanu.\",\"breadcrumb\":{\"@id\":\"https:\\\/\\\/dsp.eu\\\/pl\\\/componenten\\\/turbos\\\/#breadcrumb\"},\"inLanguage\":\"pl-PL\",\"potentialAction\":[{\"@type\":\"ReadAction\",\"target\":[\"https:\\\/\\\/dsp.eu\\\/pl\\\/componenten\\\/turbos\\\/\"]}]},{\"@type\":\"BreadcrumbList\",\"@id\":\"https:\\\/\\\/dsp.eu\\\/pl\\\/componenten\\\/turbos\\\/#breadcrumb\",\"itemListElement\":[{\"@type\":\"ListItem\",\"position\":1,\"name\":\"Home\",\"item\":\"https:\\\/\\\/dsp.eu\\\/pl\\\/\"},{\"@type\":\"ListItem\",\"position\":2,\"name\":\"Componenten\",\"item\":\"https:\\\/\\\/dsp.eu\\\/pl\\\/componenten\\\/\"},{\"@type\":\"ListItem\",\"position\":3,\"name\":\"Turbos\"}]},{\"@type\":\"WebSite\",\"@id\":\"https:\\\/\\\/dsp.eu\\\/pl\\\/#website\",\"url\":\"https:\\\/\\\/dsp.eu\\\/pl\\\/\",\"name\":\"DSP\",\"description\":\"Keeping you on Track\",\"publisher\":{\"@id\":\"https:\\\/\\\/dsp.eu\\\/pl\\\/#organization\"},\"potentialAction\":[{\"@type\":\"SearchAction\",\"target\":{\"@type\":\"EntryPoint\",\"urlTemplate\":\"https:\\\/\\\/dsp.eu\\\/pl\\\/?s={search_term_string}\"},\"query-input\":{\"@type\":\"PropertyValueSpecification\",\"valueRequired\":true,\"valueName\":\"search_term_string\"}}],\"inLanguage\":\"pl-PL\"},{\"@type\":\"Organization\",\"@id\":\"https:\\\/\\\/dsp.eu\\\/pl\\\/#organization\",\"name\":\"DSP\",\"url\":\"https:\\\/\\\/dsp.eu\\\/pl\\\/\",\"logo\":{\"@type\":\"ImageObject\",\"inLanguage\":\"pl-PL\",\"@id\":\"https:\\\/\\\/dsp.eu\\\/pl\\\/#\\\/schema\\\/logo\\\/image\\\/\",\"url\":\"http:\\\/\\\/dsp.eu\\\/wp-content\\\/uploads\\\/2020\\\/09\\\/DSP_Diesel-2020.jpg\",\"contentUrl\":\"http:\\\/\\\/dsp.eu\\\/wp-content\\\/uploads\\\/2020\\\/09\\\/DSP_Diesel-2020.jpg\",\"width\":1133,\"height\":479,\"caption\":\"DSP\"},\"image\":{\"@id\":\"https:\\\/\\\/dsp.eu\\\/pl\\\/#\\\/schema\\\/logo\\\/image\\\/\"}}]}<\/script>\n<!-- \/ Yoast SEO plugin. -->","yoast_head_json":{"title":"Konserwacja i remonty turbin przemys\u0142owych | DSP","description":"Turbospr\u0119\u017carki zapewniaj\u0105 doskona\u0142e osi\u0105gi, je\u015bli s\u0105 odpowiednio konserwowane. Czy Twoja turbospr\u0119\u017carka zosta\u0142a naprawiona, wyremontowana lub wywa\u017cona? DSP przywraca turbospr\u0119\u017cark\u0119 do doskona\u0142ego stanu.","robots":{"index":"index","follow":"follow","max-snippet":"max-snippet:-1","max-image-preview":"max-image-preview:large","max-video-preview":"max-video-preview:-1"},"canonical":"https:\/\/dsp.eu\/pl\/componenten\/turbos\/","og_locale":"pl_PL","og_type":"article","og_title":"Konserwacja i remonty turbin przemys\u0142owych | DSP","og_description":"Turbospr\u0119\u017carki zapewniaj\u0105 doskona\u0142e osi\u0105gi, je\u015bli s\u0105 odpowiednio konserwowane. Czy Twoja turbospr\u0119\u017carka zosta\u0142a naprawiona, wyremontowana lub wywa\u017cona? DSP przywraca turbospr\u0119\u017cark\u0119 do doskona\u0142ego stanu.","og_url":"https:\/\/dsp.eu\/pl\/componenten\/turbos\/","og_site_name":"DSP","article_modified_time":"2022-06-20T13:26:33+00:00","twitter_card":"summary_large_image","schema":{"@context":"https:\/\/schema.org","@graph":[{"@type":"WebPage","@id":"https:\/\/dsp.eu\/pl\/componenten\/turbos\/","url":"https:\/\/dsp.eu\/pl\/componenten\/turbos\/","name":"Konserwacja i remonty turbin przemys\u0142owych | DSP","isPartOf":{"@id":"https:\/\/dsp.eu\/pl\/#website"},"datePublished":"2022-03-22T10:00:28+00:00","dateModified":"2022-06-20T13:26:33+00:00","description":"Turbospr\u0119\u017carki zapewniaj\u0105 doskona\u0142e osi\u0105gi, je\u015bli s\u0105 odpowiednio konserwowane. Czy Twoja turbospr\u0119\u017carka zosta\u0142a naprawiona, wyremontowana lub wywa\u017cona? DSP przywraca turbospr\u0119\u017cark\u0119 do doskona\u0142ego stanu.","breadcrumb":{"@id":"https:\/\/dsp.eu\/pl\/componenten\/turbos\/#breadcrumb"},"inLanguage":"pl-PL","potentialAction":[{"@type":"ReadAction","target":["https:\/\/dsp.eu\/pl\/componenten\/turbos\/"]}]},{"@type":"BreadcrumbList","@id":"https:\/\/dsp.eu\/pl\/componenten\/turbos\/#breadcrumb","itemListElement":[{"@type":"ListItem","position":1,"name":"Home","item":"https:\/\/dsp.eu\/pl\/"},{"@type":"ListItem","position":2,"name":"Componenten","item":"https:\/\/dsp.eu\/pl\/componenten\/"},{"@type":"ListItem","position":3,"name":"Turbos"}]},{"@type":"WebSite","@id":"https:\/\/dsp.eu\/pl\/#website","url":"https:\/\/dsp.eu\/pl\/","name":"DSP","description":"Keeping you on Track","publisher":{"@id":"https:\/\/dsp.eu\/pl\/#organization"},"potentialAction":[{"@type":"SearchAction","target":{"@type":"EntryPoint","urlTemplate":"https:\/\/dsp.eu\/pl\/?s={search_term_string}"},"query-input":{"@type":"PropertyValueSpecification","valueRequired":true,"valueName":"search_term_string"}}],"inLanguage":"pl-PL"},{"@type":"Organization","@id":"https:\/\/dsp.eu\/pl\/#organization","name":"DSP","url":"https:\/\/dsp.eu\/pl\/","logo":{"@type":"ImageObject","inLanguage":"pl-PL","@id":"https:\/\/dsp.eu\/pl\/#\/schema\/logo\/image\/","url":"http:\/\/dsp.eu\/wp-content\/uploads\/2020\/09\/DSP_Diesel-2020.jpg","contentUrl":"http:\/\/dsp.eu\/wp-content\/uploads\/2020\/09\/DSP_Diesel-2020.jpg","width":1133,"height":479,"caption":"DSP"},"image":{"@id":"https:\/\/dsp.eu\/pl\/#\/schema\/logo\/image\/"}}]}},"_links":{"self":[{"href":"https:\/\/dsp.eu\/pl\/wp-json\/wp\/v2\/pages\/608","targetHints":{"allow":["GET"]}}],"collection":[{"href":"https:\/\/dsp.eu\/pl\/wp-json\/wp\/v2\/pages"}],"about":[{"href":"https:\/\/dsp.eu\/pl\/wp-json\/wp\/v2\/types\/page"}],"author":[{"embeddable":true,"href":"https:\/\/dsp.eu\/pl\/wp-json\/wp\/v2\/users\/7"}],"replies":[{"embeddable":true,"href":"https:\/\/dsp.eu\/pl\/wp-json\/wp\/v2\/comments?post=608"}],"version-history":[{"count":1,"href":"https:\/\/dsp.eu\/pl\/wp-json\/wp\/v2\/pages\/608\/revisions"}],"predecessor-version":[{"id":610,"href":"https:\/\/dsp.eu\/pl\/wp-json\/wp\/v2\/pages\/608\/revisions\/610"}],"up":[{"embeddable":true,"href":"https:\/\/dsp.eu\/pl\/wp-json\/wp\/v2\/pages\/38"}],"wp:attachment":[{"href":"https:\/\/dsp.eu\/pl\/wp-json\/wp\/v2\/media?parent=608"}],"curies":[{"name":"wp","href":"https:\/\/api.w.org\/{rel}","templated":true}]}}